{"id":2409,"date":"2024-02-26T08:35:40","date_gmt":"2024-02-26T07:35:40","guid":{"rendered":"https:\/\/ascabus.es\/board-of-directors\/"},"modified":"2025-10-20T16:49:54","modified_gmt":"2025-10-20T14:49:54","slug":"board-of-directors","status":"publish","type":"page","link":"https:\/\/ascabus.es\/en\/board-of-directors\/","title":{"rendered":"Board of Directors"},"content":{"rendered":"\t\t<div data-elementor-type=\"wp-page\" data-elementor-id=\"2409\" class=\"elementor elementor-2409 elementor-2273\" data-elementor-post-type=\"page\">\n\t\t\t\t<div class=\"elementor-element elementor-element-c67bb79 historia-contenedor e-flex e-con-boxed e-con e-parent\" data-id=\"c67bb79\" data-element_type=\"container\">\r\n\t\t\t\t\t<div class=\"e-con-inner\">\r\n\t\t\t\t<div class=\"elementor-element elementor-element-15b719a with-custom-underline mb-0 elementor-widget elementor-widget-heading\" data-id=\"15b719a\" data-element_type=\"widget\" data-widget_type=\"heading.default\">\n\t\t\t\t<div class=\"elementor-widget-container\">\n\t\t\t<h2 class=\"elementor-heading-title elementor-size-default\">Board of Directors<\/h2>\t\t<\/div>\n\t\t\t\t<\/div>\n\t\t\t\t\t<\/div>\n\t\t\t\t<\/div>\n\t\t<div class=\"elementor-element elementor-element-d17cd46 e-flex e-con-boxed e-con e-parent\" data-id=\"d17cd46\" data-element_type=\"container\">\r\n\t\t\t\t\t<div class=\"e-con-inner\">\r\n\t\t<div class=\"elementor-element elementor-element-f09aca2 e-flex e-con-boxed e-con e-child\" data-id=\"f09aca2\" data-element_type=\"container\">\r\n\t\t\t\t\t<div class=\"e-con-inner\">\r\n\t\t\t\t<div class=\"elementor-element elementor-element-c6e7dc7 sombra-imagen elementor-widget__width-initial elementor-widget-mobile__width-initial elementor-position-top elementor-widget elementor-widget-image-box\" data-id=\"c6e7dc7\" data-element_type=\"widget\" data-widget_type=\"image-box.default\">\n\t\t\t\t<div class=\"elementor-widget-container\">\n\t\t\t<div class=\"elementor-image-box-wrapper\"><figure class=\"elementor-image-box-img\"><img decoding=\"async\" src=\"https:\/\/ascabus.es\/wp-content\/uploads\/foto-JGP-1-480x515.png\" title=\"foto JGP\" alt=\"foto JGP\" loading=\"lazy\" \/><\/figure><div class=\"elementor-image-box-content\"><h4 class=\"elementor-image-box-title\">Chairman<\/h4><p class=\"elementor-image-box-description\">Javier Gonz\u00e1lez Pereira\n(Unvi)<\/p><\/div><\/div>\t\t<\/div>\n\t\t\t\t<\/div>\n\t\t\t\t<div class=\"elementor-element elementor-element-e5db221 sombra-imagen elementor-widget__width-initial elementor-position-top elementor-widget elementor-widget-image-box\" data-id=\"e5db221\" data-element_type=\"widget\" data-widget_type=\"image-box.default\">\n\t\t\t\t<div class=\"elementor-widget-container\">\n\t\t\t<div class=\"elementor-image-box-wrapper\"><figure class=\"elementor-image-box-img\"><img decoding=\"async\" src=\"https:\/\/ascabus.es\/wp-content\/uploads\/Foto-FQ-1-e1731518809250-480x494.png\" title=\"Foto FQ\" alt=\"Foto FQ\" loading=\"lazy\" \/><\/figure><div class=\"elementor-image-box-content\"><h4 class=\"elementor-image-box-title\">Vice President<\/h4><p class=\"elementor-image-box-description\">Faustino Quince\n(Ferqui)<\/p><\/div><\/div>\t\t<\/div>\n\t\t\t\t<\/div>\n\t\t\t\t<div class=\"elementor-element elementor-element-544216d sombra-imagen elementor-widget__width-initial elementor-position-top elementor-widget elementor-widget-image-box\" data-id=\"544216d\" data-element_type=\"widget\" data-widget_type=\"image-box.default\">\n\t\t\t\t<div class=\"elementor-widget-container\">\n\t\t\t<div class=\"elementor-image-box-wrapper\"><figure class=\"elementor-image-box-img\"><img decoding=\"async\" src=\"https:\/\/ascabus.es\/wp-content\/uploads\/foto-FJV-480x520.jpg\" title=\"foto FJV\" alt=\"foto FJV\" loading=\"lazy\" \/><\/figure><div class=\"elementor-image-box-content\"><h4 class=\"elementor-image-box-title\">General Secretary<\/h4><p class=\"elementor-image-box-description\">Fran Vargas\n(Ascabus)<\/p><\/div><\/div>\t\t<\/div>\n\t\t\t\t<\/div>\n\t\t\t\t\t<\/div>\n\t\t\t\t<\/div>\n\t\t<div class=\"elementor-element elementor-element-eb7b117 e-flex e-con-boxed e-con e-child\" data-id=\"eb7b117\" data-element_type=\"container\">\r\n\t\t\t\t\t<div class=\"e-con-inner\">\r\n\t\t\t\t<div class=\"elementor-element elementor-element-4a70d9c sombra-imagen elementor-widget__width-initial elementor-position-top elementor-widget elementor-widget-image-box\" data-id=\"4a70d9c\" data-element_type=\"widget\" data-widget_type=\"image-box.default\">\n\t\t\t\t<div class=\"elementor-widget-container\">\n\t\t\t<div class=\"elementor-image-box-wrapper\"><figure class=\"elementor-image-box-img\"><img decoding=\"async\" src=\"https:\/\/ascabus.es\/wp-content\/uploads\/foto-DB-1-e1731518923823-480x520.png\" title=\"foto DB\" alt=\"foto DB\" loading=\"lazy\" \/><\/figure><div class=\"elementor-image-box-content\"><h4 class=\"elementor-image-box-title\">Vocal<\/h4><p class=\"elementor-image-box-description\">Dolors Beulas\n(Beulas)<\/p><\/div><\/div>\t\t<\/div>\n\t\t\t\t<\/div>\n\t\t\t\t<div class=\"elementor-element elementor-element-da4f08f sombra-imagen elementor-widget__width-initial elementor-position-top elementor-widget elementor-widget-image-box\" data-id=\"da4f08f\" data-element_type=\"widget\" data-widget_type=\"image-box.default\">\n\t\t\t\t<div class=\"elementor-widget-container\">\n\t\t\t<div class=\"elementor-image-box-wrapper\"><figure class=\"elementor-image-box-img\"><img decoding=\"async\" src=\"https:\/\/ascabus.es\/wp-content\/uploads\/Foto-IM.jpg\" title=\"Foto IM\" alt=\"Foto IM\" loading=\"lazy\" \/><\/figure><div class=\"elementor-image-box-content\"><h4 class=\"elementor-image-box-title\">Vocal<\/h4><p class=\"elementor-image-box-description\">Igor Mendive\n(Irizar)<\/p><\/div><\/div>\t\t<\/div>\n\t\t\t\t<\/div>\n\t\t\t\t\t<\/div>\n\t\t\t\t<\/div>\n\t\t\t\t\t<\/div>\n\t\t\t\t<\/div>\n\t\t<div class=\"elementor-element elementor-element-802b3f8 historia-contenedor e-flex e-con-boxed e-con e-parent\" data-id=\"802b3f8\" data-element_type=\"container\">\r\n\t\t\t\t\t<div class=\"e-con-inner\">\r\n\t\t<div class=\"elementor-element elementor-element-0660804 e-flex e-con-boxed e-con e-child\" data-id=\"0660804\" data-element_type=\"container\">\r\n\t\t\t\t\t<div class=\"e-con-inner\">\r\n\t\t\t\t<div class=\"elementor-element elementor-element-d83fc8f elementor-widget elementor-widget-text-editor\" data-id=\"d83fc8f\" data-element_type=\"widget\" data-widget_type=\"text-editor.default\">\n\t\t\t\t<div class=\"elementor-widget-container\">\n\t\t\t\t\t\t\t<p>The current Chairman is <strong><em>Mr. Javier Gonz\u00e1lez Pereira<\/em><\/strong> (Unvi), having been previous presidents:<\/p>\n\t\t\t\t\t\t<\/div>\n\t\t\t\t<\/div>\n\t\t\t\t<div class=\"elementor-element elementor-element-8c86c0a elementor-align-left elementor-icon-list--layout-traditional elementor-list-item-link-full_width elementor-widget elementor-widget-icon-list\" data-id=\"8c86c0a\" data-element_type=\"widget\" data-widget_type=\"icon-list.default\">\n\t\t\t\t<div class=\"elementor-widget-container\">\n\t\t\t\t\t<ul class=\"elementor-icon-list-items\">\n\t\t\t\t\t\t\t<li class=\"elementor-icon-list-item\">\n\t\t\t\t\t\t\t\t\t\t\t<span class=\"elementor-icon-list-icon\">\n\t\t\t\t\t\t\t<svg aria-hidden=\"true\" class=\"e-font-icon-svg e-fas-arrow-right\" viewBox=\"0 0 448 512\" xmlns=\"http:\/\/www.w3.org\/2000\/svg\"><path d=\"M190.5 66.9l22.2-22.2c9.4-9.4 24.6-9.4 33.9 0L441 239c9.4 9.4 9.4 24.6 0 33.9L246.6 467.3c-9.4 9.4-24.6 9.4-33.9 0l-22.2-22.2c-9.5-9.5-9.3-25 .4-34.3L311.4 296H24c-13.3 0-24-10.7-24-24v-32c0-13.3 10.7-24 24-24h287.4L190.9 101.2c-9.8-9.3-10-24.8-.4-34.3z\"><\/path><\/svg>\t\t\t\t\t\t<\/span>\n\t\t\t\t\t\t\t\t\t\t<span class=\"elementor-icon-list-text\">Mr. Javier Gonz\u00e1lez Pereira&nbsp;(Unvi), 2018-current<\/span>\n\t\t\t\t\t\t\t\t\t<\/li>\n\t\t\t\t\t\t\t\t<li class=\"elementor-icon-list-item\">\n\t\t\t\t\t\t\t\t\t\t\t<span class=\"elementor-icon-list-icon\">\n\t\t\t\t\t\t\t<svg aria-hidden=\"true\" class=\"e-font-icon-svg e-fas-arrow-right\" viewBox=\"0 0 448 512\" xmlns=\"http:\/\/www.w3.org\/2000\/svg\"><path d=\"M190.5 66.9l22.2-22.2c9.4-9.4 24.6-9.4 33.9 0L441 239c9.4 9.4 9.4 24.6 0 33.9L246.6 467.3c-9.4 9.4-24.6 9.4-33.9 0l-22.2-22.2c-9.5-9.5-9.3-25 .4-34.3L311.4 296H24c-13.3 0-24-10.7-24-24v-32c0-13.3 10.7-24 24-24h287.4L190.9 101.2c-9.8-9.3-10-24.8-.4-34.3z\"><\/path><\/svg>\t\t\t\t\t\t<\/span>\n\t\t\t\t\t\t\t\t\t\t<span class=\"elementor-icon-list-text\">Mr. Javier Garc\u00eda Domingo&nbsp;(Castrosua), 2016-2018<\/span>\n\t\t\t\t\t\t\t\t\t<\/li>\n\t\t\t\t\t\t\t\t<li class=\"elementor-icon-list-item\">\n\t\t\t\t\t\t\t\t\t\t\t<span class=\"elementor-icon-list-icon\">\n\t\t\t\t\t\t\t<svg aria-hidden=\"true\" class=\"e-font-icon-svg e-fas-arrow-right\" viewBox=\"0 0 448 512\" xmlns=\"http:\/\/www.w3.org\/2000\/svg\"><path d=\"M190.5 66.9l22.2-22.2c9.4-9.4 24.6-9.4 33.9 0L441 239c9.4 9.4 9.4 24.6 0 33.9L246.6 467.3c-9.4 9.4-24.6 9.4-33.9 0l-22.2-22.2c-9.5-9.5-9.3-25 .4-34.3L311.4 296H24c-13.3 0-24-10.7-24-24v-32c0-13.3 10.7-24 24-24h287.4L190.9 101.2c-9.8-9.3-10-24.8-.4-34.3z\"><\/path><\/svg>\t\t\t\t\t\t<\/span>\n\t\t\t\t\t\t\t\t\t\t<span class=\"elementor-icon-list-text\">Mr. Juan Lu\u00eds Castro Rodr\u00edguez&nbsp;(Castrosua), 2012-2016<\/span>\n\t\t\t\t\t\t\t\t\t<\/li>\n\t\t\t\t\t\t\t\t<li class=\"elementor-icon-list-item\">\n\t\t\t\t\t\t\t\t\t\t\t<span class=\"elementor-icon-list-icon\">\n\t\t\t\t\t\t\t<svg aria-hidden=\"true\" class=\"e-font-icon-svg e-fas-arrow-right\" viewBox=\"0 0 448 512\" xmlns=\"http:\/\/www.w3.org\/2000\/svg\"><path d=\"M190.5 66.9l22.2-22.2c9.4-9.4 24.6-9.4 33.9 0L441 239c9.4 9.4 9.4 24.6 0 33.9L246.6 467.3c-9.4 9.4-24.6 9.4-33.9 0l-22.2-22.2c-9.5-9.5-9.3-25 .4-34.3L311.4 296H24c-13.3 0-24-10.7-24-24v-32c0-13.3 10.7-24 24-24h287.4L190.9 101.2c-9.8-9.3-10-24.8-.4-34.3z\"><\/path><\/svg>\t\t\t\t\t\t<\/span>\n\t\t\t\t\t\t\t\t\t\t<span class=\"elementor-icon-list-text\">Mr. Angel Pozueta Mat\u00e9 (Sunsundegui), 2001-2012<\/span>\n\t\t\t\t\t\t\t\t\t<\/li>\n\t\t\t\t\t\t\t\t<li class=\"elementor-icon-list-item\">\n\t\t\t\t\t\t\t\t\t\t\t<span class=\"elementor-icon-list-icon\">\n\t\t\t\t\t\t\t<svg aria-hidden=\"true\" class=\"e-font-icon-svg e-fas-arrow-right\" viewBox=\"0 0 448 512\" xmlns=\"http:\/\/www.w3.org\/2000\/svg\"><path d=\"M190.5 66.9l22.2-22.2c9.4-9.4 24.6-9.4 33.9 0L441 239c9.4 9.4 9.4 24.6 0 33.9L246.6 467.3c-9.4 9.4-24.6 9.4-33.9 0l-22.2-22.2c-9.5-9.5-9.3-25 .4-34.3L311.4 296H24c-13.3 0-24-10.7-24-24v-32c0-13.3 10.7-24 24-24h287.4L190.9 101.2c-9.8-9.3-10-24.8-.4-34.3z\"><\/path><\/svg>\t\t\t\t\t\t<\/span>\n\t\t\t\t\t\t\t\t\t\t<span class=\"elementor-icon-list-text\">Mr. Emilio Ugarte Mart\u00ednez (Ugarte), 1992-2001<\/span>\n\t\t\t\t\t\t\t\t\t<\/li>\n\t\t\t\t\t\t\t\t<li class=\"elementor-icon-list-item\">\n\t\t\t\t\t\t\t\t\t\t\t<span class=\"elementor-icon-list-icon\">\n\t\t\t\t\t\t\t<svg aria-hidden=\"true\" class=\"e-font-icon-svg e-fas-arrow-right\" viewBox=\"0 0 448 512\" xmlns=\"http:\/\/www.w3.org\/2000\/svg\"><path d=\"M190.5 66.9l22.2-22.2c9.4-9.4 24.6-9.4 33.9 0L441 239c9.4 9.4 9.4 24.6 0 33.9L246.6 467.3c-9.4 9.4-24.6 9.4-33.9 0l-22.2-22.2c-9.5-9.5-9.3-25 .4-34.3L311.4 296H24c-13.3 0-24-10.7-24-24v-32c0-13.3 10.7-24 24-24h287.4L190.9 101.2c-9.8-9.3-10-24.8-.4-34.3z\"><\/path><\/svg>\t\t\t\t\t\t<\/span>\n\t\t\t\t\t\t\t\t\t\t<span class=\"elementor-icon-list-text\">Mr. Domingo Obradors Catal\u00e1n (Obradors), 1988-1992<\/span>\n\t\t\t\t\t\t\t\t\t<\/li>\n\t\t\t\t\t\t\t\t<li class=\"elementor-icon-list-item\">\n\t\t\t\t\t\t\t\t\t\t\t<span class=\"elementor-icon-list-icon\">\n\t\t\t\t\t\t\t<svg aria-hidden=\"true\" class=\"e-font-icon-svg e-fas-arrow-right\" viewBox=\"0 0 448 512\" xmlns=\"http:\/\/www.w3.org\/2000\/svg\"><path d=\"M190.5 66.9l22.2-22.2c9.4-9.4 24.6-9.4 33.9 0L441 239c9.4 9.4 9.4 24.6 0 33.9L246.6 467.3c-9.4 9.4-24.6 9.4-33.9 0l-22.2-22.2c-9.5-9.5-9.3-25 .4-34.3L311.4 296H24c-13.3 0-24-10.7-24-24v-32c0-13.3 10.7-24 24-24h287.4L190.9 101.2c-9.8-9.3-10-24.8-.4-34.3z\"><\/path><\/svg>\t\t\t\t\t\t<\/span>\n\t\t\t\t\t\t\t\t\t\t<span class=\"elementor-icon-list-text\">Mr. Angel Pozueta Mat\u00e9 (Sunsundegui), 1984-1988<\/span>\n\t\t\t\t\t\t\t\t\t<\/li>\n\t\t\t\t\t\t\t\t<li class=\"elementor-icon-list-item\">\n\t\t\t\t\t\t\t\t\t\t\t<span class=\"elementor-icon-list-icon\">\n\t\t\t\t\t\t\t<svg aria-hidden=\"true\" class=\"e-font-icon-svg e-fas-arrow-right\" viewBox=\"0 0 448 512\" xmlns=\"http:\/\/www.w3.org\/2000\/svg\"><path d=\"M190.5 66.9l22.2-22.2c9.4-9.4 24.6-9.4 33.9 0L441 239c9.4 9.4 9.4 24.6 0 33.9L246.6 467.3c-9.4 9.4-24.6 9.4-33.9 0l-22.2-22.2c-9.5-9.5-9.3-25 .4-34.3L311.4 296H24c-13.3 0-24-10.7-24-24v-32c0-13.3 10.7-24 24-24h287.4L190.9 101.2c-9.8-9.3-10-24.8-.4-34.3z\"><\/path><\/svg>\t\t\t\t\t\t<\/span>\n\t\t\t\t\t\t\t\t\t\t<span class=\"elementor-icon-list-text\">Mr. Emilio Ugarte Mart\u00ednez (Ugarte), 1976-1984<\/span>\n\t\t\t\t\t\t\t\t\t<\/li>\n\t\t\t\t\t\t<\/ul>\n\t\t\t\t<\/div>\n\t\t\t\t<\/div>\n\t\t\t\t\t<\/div>\n\t\t\t\t<\/div>\n\t\t\t\t\t<\/div>\n\t\t\t\t<\/div>\n\t\t\t\t<\/div>\n\t\t","protected":false},"excerpt":{"rendered":"<p>Board of Directors Chairman Javier Gonz\u00e1lez Pereira (Unvi) Vice President Faustino Quince (Ferqui) General Secretary Fran Vargas (Ascabus) Vocal Dolors Beulas (Beulas) Vocal Igor Mendive (Irizar) The current Chairman is Mr. Javier Gonz\u00e1lez Pereira (Unvi), having been previous presidents: Mr. Javier Gonz\u00e1lez Pereira&nbsp;(Unvi), 2018-current Mr. Javier Garc\u00eda Domingo&nbsp;(Castrosua), 2016-2018 Mr. Juan Lu\u00eds Castro Rodr\u00edguez&nbsp;(Castrosua), 2012-2016 [&hellip;]<\/p>\n","protected":false},"author":1,"featured_media":0,"parent":0,"menu_order":0,"comment_status":"closed","ping_status":"closed","template":"","meta":{"om_disable_all_campaigns":false,"_monsterinsights_skip_tracking":false,"_monsterinsights_sitenote_active":false,"_monsterinsights_sitenote_note":"","_monsterinsights_sitenote_category":0,"footnotes":""},"class_list":["post-2409","page","type-page","status-publish","hentry"],"yoast_head":"<!-- This site is optimized with the Yoast SEO plugin v23.8 - https:\/\/yoast.com\/wordpress\/plugins\/seo\/ -->\n<title>Board of Directors - ASCABUS<\/title>\n<meta name=\"description\" content=\"Meet the visionary leaders behind Ascabus, driving innovation in transportation.\" \/>\n<meta name=\"robots\" content=\"index, follow, max-snippet:-1, max-image-preview:large, max-video-preview:-1\" \/>\n<link rel=\"canonical\" href=\"https:\/\/ascabus.es\/en\/board-of-directors\/\" \/>\n<meta property=\"og:locale\" content=\"en_US\" \/>\n<meta property=\"og:type\" content=\"article\" \/>\n<meta property=\"og:title\" content=\"Board of Directors - ASCABUS\" \/>\n<meta property=\"og:description\" content=\"Meet the visionary leaders behind Ascabus, driving innovation in transportation.\" \/>\n<meta property=\"og:url\" content=\"https:\/\/ascabus.es\/en\/board-of-directors\/\" \/>\n<meta property=\"og:site_name\" content=\"ASCABUS\" \/>\n<meta property=\"article:modified_time\" content=\"2025-10-20T14:49:54+00:00\" \/>\n<meta property=\"og:image\" content=\"https:\/\/ascabus.es\/wp-content\/uploads\/foto-JGP-1-480x515.png\" \/>\n<meta name=\"twitter:card\" content=\"summary_large_image\" \/>\n<meta name=\"twitter:label1\" content=\"Est. reading time\" \/>\n\t<meta name=\"twitter:data1\" content=\"2 minutes\" \/>\n<script type=\"application\/ld+json\" class=\"yoast-schema-graph\">{\"@context\":\"https:\/\/schema.org\",\"@graph\":[{\"@type\":\"WebPage\",\"@id\":\"https:\/\/ascabus.es\/en\/board-of-directors\/\",\"url\":\"https:\/\/ascabus.es\/en\/board-of-directors\/\",\"name\":\"Board of Directors - ASCABUS\",\"isPartOf\":{\"@id\":\"https:\/\/ascabus.es\/#website\"},\"primaryImageOfPage\":{\"@id\":\"https:\/\/ascabus.es\/en\/board-of-directors\/#primaryimage\"},\"image\":{\"@id\":\"https:\/\/ascabus.es\/en\/board-of-directors\/#primaryimage\"},\"thumbnailUrl\":\"https:\/\/ascabus.es\/wp-content\/uploads\/foto-JGP-1-480x515.png\",\"datePublished\":\"2024-02-26T07:35:40+00:00\",\"dateModified\":\"2025-10-20T14:49:54+00:00\",\"description\":\"Meet the visionary leaders behind Ascabus, driving innovation in transportation.\",\"breadcrumb\":{\"@id\":\"https:\/\/ascabus.es\/en\/board-of-directors\/#breadcrumb\"},\"inLanguage\":\"en-US\",\"potentialAction\":[{\"@type\":\"ReadAction\",\"target\":[\"https:\/\/ascabus.es\/en\/board-of-directors\/\"]}]},{\"@type\":\"ImageObject\",\"inLanguage\":\"en-US\",\"@id\":\"https:\/\/ascabus.es\/en\/board-of-directors\/#primaryimage\",\"url\":\"https:\/\/ascabus.es\/wp-content\/uploads\/foto-JGP-1-480x515.png\",\"contentUrl\":\"https:\/\/ascabus.es\/wp-content\/uploads\/foto-JGP-1-480x515.png\"},{\"@type\":\"BreadcrumbList\",\"@id\":\"https:\/\/ascabus.es\/en\/board-of-directors\/#breadcrumb\",\"itemListElement\":[{\"@type\":\"ListItem\",\"position\":1,\"name\":\"Portada\",\"item\":\"https:\/\/ascabus.es\/en\/home\/\"},{\"@type\":\"ListItem\",\"position\":2,\"name\":\"Board of Directors\"}]},{\"@type\":\"WebSite\",\"@id\":\"https:\/\/ascabus.es\/#website\",\"url\":\"https:\/\/ascabus.es\/\",\"name\":\"ASCABUS\",\"description\":\"ASOCIACI\u00d3N NACIONAL DE FABRICANTES DE CARROCER\u00cdAS Y BUSES\",\"publisher\":{\"@id\":\"https:\/\/ascabus.es\/#organization\"},\"potentialAction\":[{\"@type\":\"SearchAction\",\"target\":{\"@type\":\"EntryPoint\",\"urlTemplate\":\"https:\/\/ascabus.es\/?s={search_term_string}\"},\"query-input\":{\"@type\":\"PropertyValueSpecification\",\"valueRequired\":true,\"valueName\":\"search_term_string\"}}],\"inLanguage\":\"en-US\"},{\"@type\":\"Organization\",\"@id\":\"https:\/\/ascabus.es\/#organization\",\"name\":\"ASCABUS\",\"url\":\"https:\/\/ascabus.es\/\",\"logo\":{\"@type\":\"ImageObject\",\"inLanguage\":\"en-US\",\"@id\":\"https:\/\/ascabus.es\/#\/schema\/logo\/image\/\",\"url\":\"\",\"contentUrl\":\"\",\"caption\":\"ASCABUS\"},\"image\":{\"@id\":\"https:\/\/ascabus.es\/#\/schema\/logo\/image\/\"}}]}<\/script>\n<!-- \/ Yoast SEO plugin. -->","yoast_head_json":{"title":"Board of Directors - ASCABUS","description":"Meet the visionary leaders behind Ascabus, driving innovation in transportation.","robots":{"index":"index","follow":"follow","max-snippet":"max-snippet:-1","max-image-preview":"max-image-preview:large","max-video-preview":"max-video-preview:-1"},"canonical":"https:\/\/ascabus.es\/en\/board-of-directors\/","og_locale":"en_US","og_type":"article","og_title":"Board of Directors - ASCABUS","og_description":"Meet the visionary leaders behind Ascabus, driving innovation in transportation.","og_url":"https:\/\/ascabus.es\/en\/board-of-directors\/","og_site_name":"ASCABUS","article_modified_time":"2025-10-20T14:49:54+00:00","og_image":[{"url":"https:\/\/ascabus.es\/wp-content\/uploads\/foto-JGP-1-480x515.png"}],"twitter_card":"summary_large_image","twitter_misc":{"Est. reading time":"2 minutes"},"schema":{"@context":"https:\/\/schema.org","@graph":[{"@type":"WebPage","@id":"https:\/\/ascabus.es\/en\/board-of-directors\/","url":"https:\/\/ascabus.es\/en\/board-of-directors\/","name":"Board of Directors - ASCABUS","isPartOf":{"@id":"https:\/\/ascabus.es\/#website"},"primaryImageOfPage":{"@id":"https:\/\/ascabus.es\/en\/board-of-directors\/#primaryimage"},"image":{"@id":"https:\/\/ascabus.es\/en\/board-of-directors\/#primaryimage"},"thumbnailUrl":"https:\/\/ascabus.es\/wp-content\/uploads\/foto-JGP-1-480x515.png","datePublished":"2024-02-26T07:35:40+00:00","dateModified":"2025-10-20T14:49:54+00:00","description":"Meet the visionary leaders behind Ascabus, driving innovation in transportation.","breadcrumb":{"@id":"https:\/\/ascabus.es\/en\/board-of-directors\/#breadcrumb"},"inLanguage":"en-US","potentialAction":[{"@type":"ReadAction","target":["https:\/\/ascabus.es\/en\/board-of-directors\/"]}]},{"@type":"ImageObject","inLanguage":"en-US","@id":"https:\/\/ascabus.es\/en\/board-of-directors\/#primaryimage","url":"https:\/\/ascabus.es\/wp-content\/uploads\/foto-JGP-1-480x515.png","contentUrl":"https:\/\/ascabus.es\/wp-content\/uploads\/foto-JGP-1-480x515.png"},{"@type":"BreadcrumbList","@id":"https:\/\/ascabus.es\/en\/board-of-directors\/#breadcrumb","itemListElement":[{"@type":"ListItem","position":1,"name":"Portada","item":"https:\/\/ascabus.es\/en\/home\/"},{"@type":"ListItem","position":2,"name":"Board of Directors"}]},{"@type":"WebSite","@id":"https:\/\/ascabus.es\/#website","url":"https:\/\/ascabus.es\/","name":"ASCABUS","description":"ASOCIACI\u00d3N NACIONAL DE FABRICANTES DE CARROCER\u00cdAS Y BUSES","publisher":{"@id":"https:\/\/ascabus.es\/#organization"},"potentialAction":[{"@type":"SearchAction","target":{"@type":"EntryPoint","urlTemplate":"https:\/\/ascabus.es\/?s={search_term_string}"},"query-input":{"@type":"PropertyValueSpecification","valueRequired":true,"valueName":"search_term_string"}}],"inLanguage":"en-US"},{"@type":"Organization","@id":"https:\/\/ascabus.es\/#organization","name":"ASCABUS","url":"https:\/\/ascabus.es\/","logo":{"@type":"ImageObject","inLanguage":"en-US","@id":"https:\/\/ascabus.es\/#\/schema\/logo\/image\/","url":"","contentUrl":"","caption":"ASCABUS"},"image":{"@id":"https:\/\/ascabus.es\/#\/schema\/logo\/image\/"}}]}},"_links":{"self":[{"href":"https:\/\/ascabus.es\/en\/wp-json\/wp\/v2\/pages\/2409","targetHints":{"allow":["GET"]}}],"collection":[{"href":"https:\/\/ascabus.es\/en\/wp-json\/wp\/v2\/pages"}],"about":[{"href":"https:\/\/ascabus.es\/en\/wp-json\/wp\/v2\/types\/page"}],"author":[{"embeddable":true,"href":"https:\/\/ascabus.es\/en\/wp-json\/wp\/v2\/users\/1"}],"replies":[{"embeddable":true,"href":"https:\/\/ascabus.es\/en\/wp-json\/wp\/v2\/comments?post=2409"}],"version-history":[{"count":8,"href":"https:\/\/ascabus.es\/en\/wp-json\/wp\/v2\/pages\/2409\/revisions"}],"predecessor-version":[{"id":7303,"href":"https:\/\/ascabus.es\/en\/wp-json\/wp\/v2\/pages\/2409\/revisions\/7303"}],"wp:attachment":[{"href":"https:\/\/ascabus.es\/en\/wp-json\/wp\/v2\/media?parent=2409"}],"curies":[{"name":"wp","href":"https:\/\/api.w.org\/{rel}","templated":true}]}}